{"id":1615,"date":"2022-06-22T22:38:30","date_gmt":"2022-06-22T22:38:30","guid":{"rendered":"https:\/\/garciajoaquin.com.ar\/isurus\/?page_id=1615"},"modified":"2022-06-22T23:32:05","modified_gmt":"2022-06-22T23:32:05","slug":"nosotros","status":"publish","type":"page","link":"https:\/\/garciajoaquin.com.ar\/isurus\/nosotros\/","title":{"rendered":"Nosotros"},"content":{"rendered":"\t\t<div data-elementor-type=\"wp-page\" data-elementor-id=\"1615\" class=\"elementor elementor-1615\" data-elementor-post-type=\"page\">\n\t\t\t\t\t\t<section class=\"elementor-section elementor-top-section elementor-element elementor-element-6a9f515 elementor-section-height-min-height elementor-section-boxed elementor-section-height-default elementor-section-items-middle\" data-id=\"6a9f515\" data-element_type=\"section\" data-settings=\"{&quot;background_background&quot;:&quot;classic&quot;}\">\n\t\t\t\t\t\t<div class=\"elementor-container elementor-column-gap-default\">\n\t\t\t\t\t<div class=\"elementor-column elementor-col-100 elementor-top-column elementor-element elementor-element-fcb377d\" data-id=\"fcb377d\" data-element_type=\"column\">\n\t\t\t<div class=\"elementor-widget-wrap elementor-element-populated\">\n\t\t\t\t\t\t<div class=\"elementor-element elementor-element-51c8f58 elementor-widget elementor-widget-heading\" data-id=\"51c8f58\" data-element_type=\"widget\" data-widget_type=\"heading.default\">\n\t\t\t\t<div class=\"elementor-widget-container\">\n\t\t\t<style>\/*! elementor - v3.20.0 - 10-04-2024 *\/\n.elementor-heading-title{padding:0;margin:0;line-height:1}.elementor-widget-heading .elementor-heading-title[class*=elementor-size-]>a{color:inherit;font-size:inherit;line-height:inherit}.elementor-widget-heading .elementor-heading-title.elementor-size-small{font-size:15px}.elementor-widget-heading .elementor-heading-title.elementor-size-medium{font-size:19px}.elementor-widget-heading .elementor-heading-title.elementor-size-large{font-size:29px}.elementor-widget-heading .elementor-heading-title.elementor-size-xl{font-size:39px}.elementor-widget-heading .elementor-heading-title.elementor-size-xxl{font-size:59px}<\/style><h1 class=\"elementor-heading-title elementor-size-default\">Nosotros<\/h1>\t\t<\/div>\n\t\t\t\t<\/div>\n\t\t\t\t\t<\/div>\n\t\t<\/div>\n\t\t\t\t\t<\/div>\n\t\t<\/section>\n\t\t\t\t<section class=\"elementor-section elementor-top-section elementor-element elementor-element-da3bb98 elementor-section-boxed elementor-section-height-default elementor-section-height-default\" data-id=\"da3bb98\" data-element_type=\"section\" data-settings=\"{&quot;background_background&quot;:&quot;classic&quot;}\">\n\t\t\t\t\t\t<div class=\"elementor-container elementor-column-gap-default\">\n\t\t\t\t\t<div class=\"elementor-column elementor-col-100 elementor-top-column elementor-element elementor-element-e852957\" data-id=\"e852957\" data-element_type=\"column\">\n\t\t\t<div class=\"elementor-widget-wrap elementor-element-populated\">\n\t\t\t\t\t\t<div class=\"elementor-element elementor-element-42f0a2b elementor-widget elementor-widget-text-editor\" data-id=\"42f0a2b\" data-element_type=\"widget\" data-widget_type=\"text-editor.default\">\n\t\t\t\t<div class=\"elementor-widget-container\">\n\t\t\t<style>\/*! elementor - v3.20.0 - 10-04-2024 *\/\n.elementor-widget-text-editor.elementor-drop-cap-view-stacked .elementor-drop-cap{background-color:#69727d;color:#fff}.elementor-widget-text-editor.elementor-drop-cap-view-framed .elementor-drop-cap{color:#69727d;border:3px solid;background-color:transparent}.elementor-widget-text-editor:not(.elementor-drop-cap-view-default) .elementor-drop-cap{margin-top:8px}.elementor-widget-text-editor:not(.elementor-drop-cap-view-default) .elementor-drop-cap-letter{width:1em;height:1em}.elementor-widget-text-editor .elementor-drop-cap{float:left;text-align:center;line-height:1;font-size:50px}.elementor-widget-text-editor .elementor-drop-cap-letter{display:inline-block}<\/style>\t\t\t\t<p>Con m\u00e1s de 10 a\u00f1os de experiencia en el Counter-Strike hemos conseguido grandes \u00e9xitos para nuestra regi\u00f3n. M\u00e1s de 30 trofeos ganados y jugamos algunos de los torneos m\u00e1s importantes del mundo como ESL Pro League, DreamHack Master Dallas -siendo este el primer torneo tier 1 al que clasific\u00f3 un equipo de argentina-.<\/p><p>Adem\u00e1s, fuimos la primera organizaci\u00f3n argentina en montar una gaming house en Brasil para competir en igualdad de condiciones con los equipos de ese pa\u00eds, que estuvo activa por m\u00e1s de dos a\u00f1os.<\/p>\t\t\t\t\t\t<\/div>\n\t\t\t\t<\/div>\n\t\t\t\t<section class=\"elementor-section elementor-inner-section elementor-element elementor-element-b4f059f elementor-section-boxed elementor-section-height-default elementor-section-height-default\" data-id=\"b4f059f\" data-element_type=\"section\">\n\t\t\t\t\t\t<div class=\"elementor-container elementor-column-gap-default\">\n\t\t\t\t\t<div class=\"elementor-column elementor-col-50 elementor-inner-column elementor-element elementor-element-b444bb8\" data-id=\"b444bb8\" data-element_type=\"column\">\n\t\t\t<div class=\"elementor-widget-wrap elementor-element-populated\">\n\t\t\t\t\t\t<div class=\"elementor-element elementor-element-ebda783 elementor-widget elementor-widget-image\" data-id=\"ebda783\" data-element_type=\"widget\" data-widget_type=\"image.default\">\n\t\t\t\t<div class=\"elementor-widget-container\">\n\t\t\t<style>\/*! elementor - v3.20.0 - 10-04-2024 *\/\n.elementor-widget-image{text-align:center}.elementor-widget-image a{display:inline-block}.elementor-widget-image a img[src$=\".svg\"]{width:48px}.elementor-widget-image img{vertical-align:middle;display:inline-block}<\/style>\t\t\t\t\t\t\t\t\t\t<img fetchpriority=\"high\" decoding=\"async\" width=\"300\" height=\"450\" src=\"https:\/\/garciajoaquin.com.ar\/isurus\/wp-content\/uploads\/2022\/06\/Kala_.png\" class=\"attachment-full size-full wp-image-1675\" alt=\"\" srcset=\"https:\/\/garciajoaquin.com.ar\/isurus\/wp-content\/uploads\/2022\/06\/Kala_.png 300w, https:\/\/garciajoaquin.com.ar\/isurus\/wp-content\/uploads\/2022\/06\/Kala_-200x300.png 200w\" sizes=\"(max-width: 300px) 100vw, 300px\" \/>\t\t\t\t\t\t\t\t\t\t\t\t\t<\/div>\n\t\t\t\t<\/div>\n\t\t\t\t\t<\/div>\n\t\t<\/div>\n\t\t\t\t<div class=\"elementor-column elementor-col-50 elementor-inner-column elementor-element elementor-element-465f368\" data-id=\"465f368\" data-element_type=\"column\">\n\t\t\t<div class=\"elementor-widget-wrap elementor-element-populated\">\n\t\t\t\t\t\t<div class=\"elementor-element elementor-element-9e87851 elementor-widget elementor-widget-image\" data-id=\"9e87851\" data-element_type=\"widget\" data-widget_type=\"image.default\">\n\t\t\t\t<div class=\"elementor-widget-container\">\n\t\t\t\t\t\t\t\t\t\t\t\t\t<img decoding=\"async\" width=\"300\" height=\"450\" src=\"https:\/\/garciajoaquin.com.ar\/isurus\/wp-content\/uploads\/2022\/06\/Jcyter_.png\" class=\"attachment-full size-full wp-image-1674\" alt=\"\" srcset=\"https:\/\/garciajoaquin.com.ar\/isurus\/wp-content\/uploads\/2022\/06\/Jcyter_.png 300w, https:\/\/garciajoaquin.com.ar\/isurus\/wp-content\/uploads\/2022\/06\/Jcyter_-200x300.png 200w\" sizes=\"(max-width: 300px) 100vw, 300px\" \/>\t\t\t\t\t\t\t\t\t\t\t\t\t<\/div>\n\t\t\t\t<\/div>\n\t\t\t\t\t<\/div>\n\t\t<\/div>\n\t\t\t\t\t<\/div>\n\t\t<\/section>\n\t\t\t\t\t<\/div>\n\t\t<\/div>\n\t\t\t\t\t<\/div>\n\t\t<\/section>\n\t\t\t\t<\/div>\n\t\t","protected":false},"excerpt":{"rendered":"<p>Con m\u00e1s de 10 a\u00f1os de experiencia en el Counter-Strike hemos conseguido grandes \u00e9xitos para nuestra regi\u00f3n. M\u00e1s de 30 trofeos ganados y jugamos algunos de los torneos m\u00e1s importantes del mundo como ESL Pro League, DreamHack Master Dallas -siendo este el primer torneo tier 1 al que clasific\u00f3 un equipo de argentina-. Adem\u00e1s, fuimos [&hellip;]<\/p>\n","protected":false},"author":1,"featured_media":0,"parent":0,"menu_order":0,"comment_status":"closed","ping_status":"closed","template":"","meta":{"footnotes":""},"class_list":["post-1615","page","type-page","status-publish","hentry"],"_links":{"self":[{"href":"https:\/\/garciajoaquin.com.ar\/isurus\/wp-json\/wp\/v2\/pages\/1615","targetHints":{"allow":["GET"]}}],"collection":[{"href":"https:\/\/garciajoaquin.com.ar\/isurus\/wp-json\/wp\/v2\/pages"}],"about":[{"href":"https:\/\/garciajoaquin.com.ar\/isurus\/wp-json\/wp\/v2\/types\/page"}],"author":[{"embeddable":true,"href":"https:\/\/garciajoaquin.com.ar\/isurus\/wp-json\/wp\/v2\/users\/1"}],"replies":[{"embeddable":true,"href":"https:\/\/garciajoaquin.com.ar\/isurus\/wp-json\/wp\/v2\/comments?post=1615"}],"version-history":[{"count":0,"href":"https:\/\/garciajoaquin.com.ar\/isurus\/wp-json\/wp\/v2\/pages\/1615\/revisions"}],"wp:attachment":[{"href":"https:\/\/garciajoaquin.com.ar\/isurus\/wp-json\/wp\/v2\/media?parent=1615"}],"curies":[{"name":"wp","href":"https:\/\/api.w.org\/{rel}","templated":true}]}}