{"id":356,"date":"2022-06-21T23:51:57","date_gmt":"2022-06-21T23:51:57","guid":{"rendered":"https:\/\/garciajoaquin.com.ar\/isurus\/?post_type=product&#038;p=356"},"modified":"2022-06-22T23:02:44","modified_gmt":"2022-06-22T23:02:44","slug":"remera-team-2022-blanca","status":"publish","type":"product","link":"https:\/\/garciajoaquin.com.ar\/isurus\/producto\/remera-team-2022-blanca\/","title":{"rendered":"Remera Team 2022 Blanca"},"content":{"rendered":"<p>Los precios indicados son en pesos argentinos.<\/p>\n<p>Los logos de los patrocinadores y su ubicaci\u00f3n pueden sufrir modificaciones sin previo aviso<\/p>\n<p>Debido a la situaci\u00f3n sanitaria, los env\u00edos pueden demorar m\u00e1s de lo pautado. Los mismos est\u00e1n a cargo de empresas tercerizadas que cumplen con estrictos protocolos de seguridad e higiene que pueden demorar la entrega de los pedidos.<\/p>\n<p><strong>\u00a0Jersey de Poliester de Microfibra.<\/strong><\/p>\n","protected":false},"excerpt":{"rendered":"<p>Los precios indicados son en pesos argentinos. Los logos de los patrocinadores y su ubicaci\u00f3n pueden sufrir modificaciones sin previo aviso Debido a la situaci\u00f3n sanitaria, los env\u00edos pueden demorar m\u00e1s de lo pautado. Los mismos est\u00e1n a cargo de empresas tercerizadas que cumplen con estrictos protocolos de seguridad e higiene que pueden demorar la [&hellip;]<\/p>\n","protected":false},"featured_media":361,"template":"","meta":[],"product_brand":[],"product_cat":[28],"product_tag":[],"class_list":{"0":"post-356","1":"product","2":"type-product","3":"status-publish","4":"has-post-thumbnail","6":"product_cat-remeras","8":"first","9":"instock","10":"shipping-taxable","11":"purchasable","12":"product-type-variable"},"_links":{"self":[{"href":"https:\/\/garciajoaquin.com.ar\/isurus\/wp-json\/wp\/v2\/product\/356","targetHints":{"allow":["GET"]}}],"collection":[{"href":"https:\/\/garciajoaquin.com.ar\/isurus\/wp-json\/wp\/v2\/product"}],"about":[{"href":"https:\/\/garciajoaquin.com.ar\/isurus\/wp-json\/wp\/v2\/types\/product"}],"wp:featuredmedia":[{"embeddable":true,"href":"https:\/\/garciajoaquin.com.ar\/isurus\/wp-json\/wp\/v2\/media\/361"}],"wp:attachment":[{"href":"https:\/\/garciajoaquin.com.ar\/isurus\/wp-json\/wp\/v2\/media?parent=356"}],"wp:term":[{"taxonomy":"product_brand","embeddable":true,"href":"https:\/\/garciajoaquin.com.ar\/isurus\/wp-json\/wp\/v2\/product_brand?post=356"},{"taxonomy":"product_cat","embeddable":true,"href":"https:\/\/garciajoaquin.com.ar\/isurus\/wp-json\/wp\/v2\/product_cat?post=356"},{"taxonomy":"product_tag","embeddable":true,"href":"https:\/\/garciajoaquin.com.ar\/isurus\/wp-json\/wp\/v2\/product_tag?post=356"}],"curies":[{"name":"wp","href":"https:\/\/api.w.org\/{rel}","templated":true}]}}