{"id":388,"date":"2022-06-01T00:18:26","date_gmt":"2022-06-01T00:18:26","guid":{"rendered":"https:\/\/garciajoaquin.com.ar\/isurus\/?post_type=product&#038;p=388"},"modified":"2022-06-01T00:19:26","modified_gmt":"2022-06-01T00:19:26","slug":"gift-card-4600","status":"publish","type":"product","link":"https:\/\/garciajoaquin.com.ar\/isurus\/producto\/gift-card-4600\/","title":{"rendered":"Gift Card $4600"},"content":{"rendered":"<p>La Gift Card vale por un cup\u00f3n de descuento que cubre el total del monto elegido.<br \/>\nEl cup\u00f3n ser\u00e1 enviado por correo electr\u00f3nico una vez hecha la compra.<br \/>\nTiene vigencia por un per\u00edodo de 180 d\u00edas a partir de la fecha de compra.<br \/>\nSe canjea por cualquier producto de la tienda online.<\/p>\n","protected":false},"excerpt":{"rendered":"<p>La Gift Card vale por un cup\u00f3n de descuento que cubre el total del monto elegido. El cup\u00f3n ser\u00e1 enviado por correo electr\u00f3nico una vez hecha la compra. Tiene vigencia por un per\u00edodo de 180 d\u00edas a partir de la fecha de compra. Se canjea por cualquier producto de la tienda online.<\/p>\n","protected":false},"featured_media":387,"template":"","meta":[],"product_brand":[],"product_cat":[27],"product_tag":[],"class_list":{"0":"post-388","1":"product","2":"type-product","3":"status-publish","4":"has-post-thumbnail","6":"product_cat-articulos-virtuales","8":"first","9":"instock","10":"shipping-taxable","11":"purchasable","12":"product-type-simple"},"_links":{"self":[{"href":"https:\/\/garciajoaquin.com.ar\/isurus\/wp-json\/wp\/v2\/product\/388","targetHints":{"allow":["GET"]}}],"collection":[{"href":"https:\/\/garciajoaquin.com.ar\/isurus\/wp-json\/wp\/v2\/product"}],"about":[{"href":"https:\/\/garciajoaquin.com.ar\/isurus\/wp-json\/wp\/v2\/types\/product"}],"wp:featuredmedia":[{"embeddable":true,"href":"https:\/\/garciajoaquin.com.ar\/isurus\/wp-json\/wp\/v2\/media\/387"}],"wp:attachment":[{"href":"https:\/\/garciajoaquin.com.ar\/isurus\/wp-json\/wp\/v2\/media?parent=388"}],"wp:term":[{"taxonomy":"product_brand","embeddable":true,"href":"https:\/\/garciajoaquin.com.ar\/isurus\/wp-json\/wp\/v2\/product_brand?post=388"},{"taxonomy":"product_cat","embeddable":true,"href":"https:\/\/garciajoaquin.com.ar\/isurus\/wp-json\/wp\/v2\/product_cat?post=388"},{"taxonomy":"product_tag","embeddable":true,"href":"https:\/\/garciajoaquin.com.ar\/isurus\/wp-json\/wp\/v2\/product_tag?post=388"}],"curies":[{"name":"wp","href":"https:\/\/api.w.org\/{rel}","templated":true}]}}